{"id":348,"date":"2024-06-05T10:07:23","date_gmt":"2024-06-05T08:07:23","guid":{"rendered":"https:\/\/www.poupimmo.com\/?page_id=348"},"modified":"2024-06-28T08:06:04","modified_gmt":"2024-06-28T06:06:04","slug":"bureau-131-m2-pole-dexcellence-jean-louis","status":"publish","type":"page","link":"https:\/\/www.poupimmo.com\/en\/bureau-131-m2-pole-dexcellence-jean-louis\/","title":{"rendered":"Bureau 131 m2 &#8211; P\u00f4le d&#8217;excellence Jean-Louis"},"content":{"rendered":"<p>[vc_row][vc_column][vc_empty_space height=&#8221;64px&#8221;][\/vc_column][\/vc_row][vc_row][vc_column width=&#8221;1\/2&#8243;][vc_gallery type=&#8221;flexslider_slide&#8221; interval=&#8221;3&#8243; images=&#8221;356,355,360,354,361,353,359,358,352,351,357,339,350,349,362&#8243; img_size=&#8221;medium&#8221;][\/vc_column][vc_column width=&#8221;1\/2&#8243;][vc_column_text]L\u2019immeuble encadre l\u2019extr\u00e9mit\u00e9 de l\u2019all\u00e9e centrale pi\u00e9tonni\u00e8re du P\u00f4le. Ce qui lui permet d\u2019offrir un cadre de travail agr\u00e9able, \u00e0 proximit\u00e9 du restaurant, dans une zone dynamique en pleine extension et de prestige.<\/p>\n<p>Le B\u00e2timent B est constitu\u00e9 de 3 niveaux avec des finitions de qualit\u00e9. Les bureaux \u00e0 la vente sont au 2i\u00e8me et dernier \u00e9tage, d\u2019une surface de 131m2, compos\u00e9s d\u2019un espace de travail ouvert, de deux bureaux individuels, d\u2019une salle informatique, de salles d\u2019archivage, d\u2019un toilette et d\u2019une kitchenette. Il est vendu avec trois places de parking en sous-sol.[\/vc_column_text][vc_column_text]<span style=\"font-size: 18px;\"><strong>Prix de vente :<\/strong> 370 000 \u20ac<\/span>[\/vc_column_text][vc_row_inner][vc_column_inner width=&#8221;1\/2&#8243;][vc_btn title=&#8221;Visite virtuelle&#8221; shape=&#8221;square&#8221; color=&#8221;warning&#8221; size=&#8221;sm&#8221; align=&#8221;center&#8221; button_block=&#8221;true&#8221; link=&#8221;url:https%3A%2F%2Finfo-video360.fr%2Fimmo360%2Fpoupimmo%2Fpole_JL3%2Fpole_JL3.html|target:_blank&#8221;][\/vc_column_inner][vc_column_inner width=&#8221;1\/2&#8243;][\/vc_column_inner][\/vc_row_inner][\/vc_column][\/vc_row]<\/p>","protected":false},"excerpt":{"rendered":"<p>[vc_row][vc_column][vc_empty_space height=&#8221;64px&#8221;][\/vc_column][\/vc_row][vc_row][vc_column width=&#8221;1\/2&#8243;][vc_gallery type=&#8221;flexslider_slide&#8221; interval=&#8221;3&#8243; images=&#8221;356,355,360,354,361,353,359,358,352,351,357,339,350,349,362&#8243; img_size=&#8221;medium&#8221;][\/vc_column][vc_column width=&#8221;1\/2&#8243;][vc_column_text]L\u2019immeuble encadre l\u2019extr\u00e9mit\u00e9 de l\u2019all\u00e9e centrale pi\u00e9tonni\u00e8re du P\u00f4le. Ce qui lui permet d\u2019offrir un cadre de travail agr\u00e9able, \u00e0 proximit\u00e9 du restaurant, dans une zone dynamique en pleine extension et de prestige. Le B\u00e2timent B est constitu\u00e9 de 3 niveaux avec des finitions de qualit\u00e9. Les bureaux [&hellip;]<\/p>\n","protected":false},"author":1,"featured_media":0,"parent":0,"menu_order":0,"comment_status":"closed","ping_status":"closed","template":"","meta":{"footnotes":""},"_links":{"self":[{"href":"https:\/\/www.poupimmo.com\/en\/wp-json\/wp\/v2\/pages\/348"}],"collection":[{"href":"https:\/\/www.poupimmo.com\/en\/wp-json\/wp\/v2\/pages"}],"about":[{"href":"https:\/\/www.poupimmo.com\/en\/wp-json\/wp\/v2\/types\/page"}],"author":[{"embeddable":true,"href":"https:\/\/www.poupimmo.com\/en\/wp-json\/wp\/v2\/users\/1"}],"replies":[{"embeddable":true,"href":"https:\/\/www.poupimmo.com\/en\/wp-json\/wp\/v2\/comments?post=348"}],"version-history":[{"count":20,"href":"https:\/\/www.poupimmo.com\/en\/wp-json\/wp\/v2\/pages\/348\/revisions"}],"predecessor-version":[{"id":480,"href":"https:\/\/www.poupimmo.com\/en\/wp-json\/wp\/v2\/pages\/348\/revisions\/480"}],"wp:attachment":[{"href":"https:\/\/www.poupimmo.com\/en\/wp-json\/wp\/v2\/media?parent=348"}],"curies":[{"name":"wp","href":"https:\/\/api.w.org\/{rel}","templated":true}]}}