{"id":2,"date":"2016-11-09T17:39:53","date_gmt":"2016-11-09T16:39:53","guid":{"rendered":"http:\/\/www.poupimmo.com\/?page_id=2"},"modified":"2024-07-10T19:27:20","modified_gmt":"2024-07-10T17:27:20","slug":"accueil","status":"publish","type":"page","link":"https:\/\/www.poupimmo.com\/no\/","title":{"rendered":"Accueil"},"content":{"rendered":"<p><\/p>\n<p>[vc_row full_width=&#8221;stretch_row&#8221; css=&#8221;.vc_custom_1479057775816{background-color: #ffffff !important;}&#8221; el_id=&#8221;villas&#8221;][vc_column][vc_empty_space][vc_column_text]<\/p>\n<h2><span style=\"color: #ff6600;\">Eiendommen din forvaltes<\/span> med full trygghet<\/h2>\n<p>[\/vc_column_text][vc_row_inner][vc_column_inner width=&#8221;1\/3&#8243;][vc_single_image image=&#8221;451&#8243; img_size=&#8221;medium&#8221; alignment=&#8221;center&#8221;][\/vc_column_inner][vc_column_inner width=&#8221;1\/3&#8243;][vc_column_text]<\/p>\n<p style=\"font-weight: 400; text-align: center;\"><strong>V\u00e5re tjenester hjelper dere med \u00e5 administrere eiendommen deres:<\/strong><\/p>\n<ul>\n<li style=\"font-weight: 400; text-align: center;\">Spr\u00e5klig bistand<\/li>\n<li style=\"font-weight: 400; text-align: center;\">Koordinering og kontakt med deres tjenesteleverand\u00f8rer og leverand\u00f8rer<\/li>\n<li style=\"font-weight: 400; text-align: center;\">Overv\u00e5king av arbeid og koordinering av renovering<\/li>\n<li style=\"font-weight: 400; text-align: center;\">Logistikkhjelp for okkupasjonen av din eiendom<\/li>\n<li style=\"font-weight: 400; text-align: center;\">Skadebehandling med ditt forsikringsselskap<\/li>\n<\/ul>\n<p>[\/vc_column_text][vc_btn title=&#8221;Kontakt oss&#8221; style=&#8221;classic&#8221; shape=&#8221;square&#8221; color=&#8221;warning&#8221; align=&#8221;center&#8221; link=&#8221;url:https%3A%2F%2Fwww.poupimmo.com%2Fcontact%2F|title:%5B%3Afr%5DContact%5B%3Aen%5DContact%5B%3Ano%5DKontakt%20oss%5B%3A%5D&#8221;][\/vc_column_inner][vc_column_inner width=&#8221;1\/3&#8243;][vc_single_image image=&#8221;431&#8243; img_size=&#8221;medium&#8221; alignment=&#8221;center&#8221;][\/vc_column_inner][\/vc_row_inner][vc_empty_space][\/vc_column][\/vc_row][vc_row full_width=&#8221;stretch_row&#8221; css=&#8221;.vc_custom_1717584386501{background-color: #eeeeee !important;}&#8221; el_id=&#8221;about&#8221;][vc_column][vc_empty_space][vc_column_text]<\/p>\n<h2><span style=\"color: #ff6600;\">Val\u00e9rie POUPA,<\/span>\u00a0presidente\u00a0av POUPIMMO sasu<\/h2>\n<p>[\/vc_column_text][vc_row_inner][vc_column_inner width=&#8221;1\/4&#8243;][vc_single_image image=&#8221;305&#8243; img_size=&#8221;full&#8221; alignment=&#8221;center&#8221;][\/vc_column_inner][vc_column_inner width=&#8221;3\/4&#8243;][vc_column_text]<\/p>\n<p style=\"font-weight: 400;\">Uteksaminert fra Grenoble Ecole de Commerce i 1998, min yrkeskarriere tillot meg \u00e5 ha flere jobber i Frankrike og i Norge i l\u00f8pet av de f\u00f8rste 13 \u00e5rene av min karriere, for eksempel: markedskoordinator, bankagent, reisekoordinator, turistguide p\u00e5 engelsk\/spansk\/ Fransk i Norge og Sverige, regnskapsf\u00f8rer.<\/p>\n<p style=\"font-weight: 400;\">Alle disse erfaringene har v\u00e6rt nyttige for meg siden 2011 som eiendomsmegler i Saint Rapha\u00ebl, b\u00e5de som forvalter av n\u00e6ringseiendommer og fritidsboliger. Siden 2018 har jeg jobbet i partnerskap med Riviera Keys for eiendomstransaksjoner i VAR EST-sektoren. Det er med glede jeg vil hjelpe deg med ditt eiendomsforvaltnings-, salgs- eller oppkj\u00f8psprosjekt.<\/p>\n<p>[\/vc_column_text][vc_column_text]<strong><span style=\"font-size: 21px; color: #ff6600;\">POUPIMMO sasu<\/span><\/strong><\/p>\n<p>496 route de la Corniche<br \/>\n83700 Saint Rapha\u00ebl<br \/>\n<a href=\"tel:+33607898417\">06 07 89 84 17<\/a><br \/>\n<a href=\"mailto:vapoupa@poupimmo.com\">vapoupa@poupimmo.com<\/a>[\/vc_column_text][\/vc_column_inner][\/vc_row_inner][\/vc_column][\/vc_row][vc_row][vc_column][vc_empty_space][vc_column_text]<\/p>\n<h2 style=\"font-weight: 400;\"><span style=\"color: #ff6600;\">V\u00e5re<\/span> partnere<\/h2>\n<p>[\/vc_column_text][vc_row_inner][vc_column_inner width=&#8221;1\/6&#8243;][vc_single_image image=&#8221;511&#8243; img_size=&#8221;240&#215;240&#8243;][\/vc_column_inner][vc_column_inner width=&#8221;1\/6&#8243;][vc_single_image image=&#8221;65&#8243; img_size=&#8221;full&#8221; alignment=&#8221;center&#8221; onclick=&#8221;custom_link&#8221; img_link_target=&#8221;_blank&#8221; el_class=&#8221;img-responsive&#8221; link=&#8221;https:\/\/www.credit-agricole.fr\/ca-pca\/particulier.html&#8221;][\/vc_column_inner][vc_column_inner width=&#8221;1\/6&#8243;][vc_single_image image=&#8221;254&#8243; img_size=&#8221;100&#215;100&#8243; alignment=&#8221;center&#8221; onclick=&#8221;custom_link&#8221; img_link_target=&#8221;_blank&#8221; el_class=&#8221;img-responsive&#8221; link=&#8221;https:\/\/info-video360.fr\/&#8221;][\/vc_column_inner][vc_column_inner width=&#8221;1\/6&#8243;][vc_single_image image=&#8221;311&#8243; img_size=&#8221;240&#215;240&#8243; alignment=&#8221;center&#8221; onclick=&#8221;custom_link&#8221; img_link_target=&#8221;_blank&#8221; el_class=&#8221;img-responsive&#8221; link=&#8221;https:\/\/rivierakeys.com\/fr\/&#8221;][\/vc_column_inner][vc_column_inner width=&#8221;1\/6&#8243;][vc_single_image image=&#8221;314&#8243; img_size=&#8221;240&#215;240&#8243; alignment=&#8221;center&#8221; onclick=&#8221;custom_link&#8221; img_link_target=&#8221;_blank&#8221; el_class=&#8221;img-responsive&#8221; link=&#8221;https:\/\/mlsfrance.org\/associations-mls-locales\/mls-cote-dazur\/&#8221;][\/vc_column_inner][vc_column_inner width=&#8221;1\/6&#8243;][vc_single_image image=&#8221;321&#8243; img_size=&#8221;240&#215;240&#8243; alignment=&#8221;center&#8221; onclick=&#8221;custom_link&#8221; img_link_target=&#8221;_blank&#8221; el_class=&#8221;img-responsive&#8221; link=&#8221;https:\/\/www.bodin-transactions.com\/&#8221;][\/vc_column_inner][\/vc_row_inner][\/vc_column][\/vc_row]<\/p>\n<p><\/p>","protected":false},"excerpt":{"rendered":"<p>[vc_row full_width=&#8221;stretch_row&#8221; css=&#8221;.vc_custom_1479057775816{background-color: #ffffff !important;}&#8221; el_id=&#8221;villas&#8221;][vc_column][vc_empty_space][vc_column_text] Eiendommen din forvaltes med full trygghet [\/vc_column_text][vc_row_inner][vc_column_inner width=&#8221;1\/3&#8243;][vc_single_image image=&#8221;451&#8243; img_size=&#8221;medium&#8221; alignment=&#8221;center&#8221;][\/vc_column_inner][vc_column_inner width=&#8221;1\/3&#8243;][vc_column_text] V\u00e5re tjenester hjelper dere med \u00e5 administrere eiendommen deres: Spr\u00e5klig bistand Koordinering og kontakt med deres tjenesteleverand\u00f8rer og leverand\u00f8rer Overv\u00e5king av arbeid og koordinering av renovering Logistikkhjelp for okkupasjonen av din eiendom Skadebehandling med ditt forsikringsselskap [\/vc_column_text][vc_btn [&hellip;]<\/p>\n","protected":false},"author":1,"featured_media":0,"parent":0,"menu_order":0,"comment_status":"closed","ping_status":"closed","template":"","meta":{"footnotes":""},"_links":{"self":[{"href":"https:\/\/www.poupimmo.com\/no\/wp-json\/wp\/v2\/pages\/2"}],"collection":[{"href":"https:\/\/www.poupimmo.com\/no\/wp-json\/wp\/v2\/pages"}],"about":[{"href":"https:\/\/www.poupimmo.com\/no\/wp-json\/wp\/v2\/types\/page"}],"author":[{"embeddable":true,"href":"https:\/\/www.poupimmo.com\/no\/wp-json\/wp\/v2\/users\/1"}],"replies":[{"embeddable":true,"href":"https:\/\/www.poupimmo.com\/no\/wp-json\/wp\/v2\/comments?post=2"}],"version-history":[{"count":129,"href":"https:\/\/www.poupimmo.com\/no\/wp-json\/wp\/v2\/pages\/2\/revisions"}],"predecessor-version":[{"id":517,"href":"https:\/\/www.poupimmo.com\/no\/wp-json\/wp\/v2\/pages\/2\/revisions\/517"}],"wp:attachment":[{"href":"https:\/\/www.poupimmo.com\/no\/wp-json\/wp\/v2\/media?parent=2"}],"curies":[{"name":"wp","href":"https:\/\/api.w.org\/{rel}","templated":true}]}}