{"id":409,"date":"2024-06-05T11:59:22","date_gmt":"2024-06-05T09:59:22","guid":{"rendered":"https:\/\/www.poupimmo.com\/?page_id=409"},"modified":"2024-06-28T08:32:14","modified_gmt":"2024-06-28T06:32:14","slug":"nos-actualites","status":"publish","type":"page","link":"https:\/\/www.poupimmo.com\/no\/nos-actualites\/","title":{"rendered":"Nyheter"},"content":{"rendered":"<p>[vc_row][vc_column width=&#8221;1\/3&#8243;][vc_single_image image=&#8221;420&#8243; img_size=&#8221;medium&#8221;][vc_column_text]<\/p>\n<p style=\"font-weight: 400;\"><strong>oktober 2021 <\/strong><br \/>\nInnvielse av lokaler<\/p>\n<p>[\/vc_column_text][\/vc_column][vc_column width=&#8221;1\/3&#8243;][vc_single_image image=&#8221;425&#8243; img_size=&#8221;medium&#8221;][vc_column_text]<strong>21. oktober 2021 <\/strong><br \/>\nEvent NCA[\/vc_column_text][\/vc_column][vc_column width=&#8221;1\/3&#8243;][vc_single_image image=&#8221;429&#8243; img_size=&#8221;medium&#8221;][vc_column_text]<\/p>\n<p style=\"font-weight: 400;\"><strong>desember 2019 <\/strong><br \/>\nKick off<\/p>\n<p>[\/vc_column_text][\/vc_column][\/vc_row][vc_row][vc_column][vc_empty_space][\/vc_column][\/vc_row][vc_row][vc_column width=&#8221;1\/3&#8243;][vc_single_image image=&#8221;414&#8243; img_size=&#8221;medium&#8221;][vc_column_text]<strong>20. juni 2019 <\/strong><br \/>\nSommerm\u00e5ltid p\u00e5 Ch\u00e2teau du Rouet med teamene POUPIMMO og RIVIERA KEYS[\/vc_column_text][\/vc_column][vc_column width=&#8221;1\/3&#8243;][vc_single_image image=&#8221;418&#8243; img_size=&#8221;medium&#8221;][vc_column_text]<strong>26. mars 2019 <\/strong><br \/>\n2.Biz-m\u00f8te Var Ecobiz av fellesskap og forretningsnettverk[\/vc_column_text][\/vc_column][vc_column width=&#8221;1\/3&#8243;][vc_single_image image=&#8221;427&#8243; img_size=&#8221;medium&#8221;][vc_column_text]<\/p>\n<p style=\"font-weight: 400;\"><strong>desember 2018 <\/strong><br \/>\nPartnerarrangement \u2013 \u200b\u200bRGA<\/p>\n<p>[\/vc_column_text][\/vc_column][\/vc_row][vc_row][vc_column][vc_empty_space][\/vc_column][\/vc_row][vc_row][vc_column width=&#8221;1\/3&#8243;][vc_single_image image=&#8221;415&#8243; img_size=&#8221;medium&#8221;][vc_column_text]<strong>7. juni 2018 <\/strong><br \/>\nDeltakelse i Saint Laurent du Var p\u00e5 nettverkskvelden Grandes Ecoles de Commerce[\/vc_column_text][\/vc_column][vc_column width=&#8221;1\/3&#8243;][vc_single_image image=&#8221;410&#8243; img_size=&#8221;medium&#8221;][vc_column_text]<strong>27. mars 2018 <\/strong><br \/>\nDeltakelse i komiteen om territoriene i Draguignan, via det lokale fondet MER \u2013 ESTEREL[\/vc_column_text][\/vc_column][vc_column width=&#8221;1\/3&#8243;][vc_single_image image=&#8221;413&#8243; img_size=&#8221;medium&#8221;][vc_column_text]<strong>28. februar 2018 <\/strong><br \/>\nDeltakelse p\u00e5 n\u00e6ringsfrokost med lokale n\u00e6ringslivsledere, Fr\u00e9jus[\/vc_column_text][\/vc_column][\/vc_row][vc_row][vc_column][vc_empty_space][\/vc_column][\/vc_row]<\/p>","protected":false},"excerpt":{"rendered":"<p>[vc_row][vc_column width=&#8221;1\/3&#8243;][vc_single_image image=&#8221;420&#8243; img_size=&#8221;medium&#8221;][vc_column_text] oktober 2021 Innvielse av lokaler [\/vc_column_text][\/vc_column][vc_column width=&#8221;1\/3&#8243;][vc_single_image image=&#8221;425&#8243; img_size=&#8221;medium&#8221;][vc_column_text]21. oktober 2021 Event NCA[\/vc_column_text][\/vc_column][vc_column width=&#8221;1\/3&#8243;][vc_single_image image=&#8221;429&#8243; img_size=&#8221;medium&#8221;][vc_column_text] desember 2019 Kick off [\/vc_column_text][\/vc_column][\/vc_row][vc_row][vc_column][vc_empty_space][\/vc_column][\/vc_row][vc_row][vc_column width=&#8221;1\/3&#8243;][vc_single_image image=&#8221;414&#8243; img_size=&#8221;medium&#8221;][vc_column_text]20. juni 2019 Sommerm\u00e5ltid p\u00e5 Ch\u00e2teau du Rouet med teamene POUPIMMO og RIVIERA KEYS[\/vc_column_text][\/vc_column][vc_column width=&#8221;1\/3&#8243;][vc_single_image image=&#8221;418&#8243; img_size=&#8221;medium&#8221;][vc_column_text]26. mars 2019 2.Biz-m\u00f8te Var Ecobiz av fellesskap og forretningsnettverk[\/vc_column_text][\/vc_column][vc_column width=&#8221;1\/3&#8243;][vc_single_image image=&#8221;427&#8243; [&hellip;]<\/p>\n","protected":false},"author":1,"featured_media":0,"parent":0,"menu_order":0,"comment_status":"closed","ping_status":"closed","template":"","meta":{"footnotes":""},"_links":{"self":[{"href":"https:\/\/www.poupimmo.com\/no\/wp-json\/wp\/v2\/pages\/409"}],"collection":[{"href":"https:\/\/www.poupimmo.com\/no\/wp-json\/wp\/v2\/pages"}],"about":[{"href":"https:\/\/www.poupimmo.com\/no\/wp-json\/wp\/v2\/types\/page"}],"author":[{"embeddable":true,"href":"https:\/\/www.poupimmo.com\/no\/wp-json\/wp\/v2\/users\/1"}],"replies":[{"embeddable":true,"href":"https:\/\/www.poupimmo.com\/no\/wp-json\/wp\/v2\/comments?post=409"}],"version-history":[{"count":14,"href":"https:\/\/www.poupimmo.com\/no\/wp-json\/wp\/v2\/pages\/409\/revisions"}],"predecessor-version":[{"id":492,"href":"https:\/\/www.poupimmo.com\/no\/wp-json\/wp\/v2\/pages\/409\/revisions\/492"}],"wp:attachment":[{"href":"https:\/\/www.poupimmo.com\/no\/wp-json\/wp\/v2\/media?parent=409"}],"curies":[{"name":"wp","href":"https:\/\/api.w.org\/{rel}","templated":true}]}}